{"id":486,"date":"2020-09-07T13:58:31","date_gmt":"2020-09-07T13:58:31","guid":{"rendered":"https:\/\/www.hausparaguay.at\/?page_id=486"},"modified":"2026-05-02T13:44:07","modified_gmt":"2026-05-02T13:44:07","slug":"grundstuecke-mit-eigener-parzelle-paraguay","status":"publish","type":"page","link":"https:\/\/www.hausparaguay.at\/en\/","title":{"rendered":"Home"},"content":{"rendered":"<div data-elementor-type=\"wp-page\" data-elementor-id=\"486\" class=\"elementor elementor-486\" data-elementor-post-type=\"page\">\n\t\t\t\t\t\t<section class=\"elementor-section elementor-top-section elementor-element elementor-element-51b5d8c9 elementor-reverse-tablet elementor-reverse-mobile elementor-section-stretched elementor-section-boxed elementor-section-height-default elementor-section-height-default\" data-id=\"51b5d8c9\" data-element_type=\"section\" data-e-type=\"section\" data-settings=\"{&quot;background_background&quot;:&quot;classic&quot;,&quot;stretch_section&quot;:&quot;section-stretched&quot;}\">\n\t\t\t\t\t\t\t<div class=\"elementor-background-overlay\"><\/div>\n\t\t\t\t\t\t\t<div class=\"elementor-container elementor-column-gap-no\">\n\t\t\t\t\t<div class=\"elementor-column elementor-col-100 elementor-top-column elementor-element elementor-element-19293c50\" data-id=\"19293c50\" data-element_type=\"column\" data-e-type=\"column\">\n\t\t\t<div class=\"elementor-widget-wrap elementor-element-populated\">\n\t\t\t\t\t\t<div class=\"elementor-element elementor-element-e83f7e9 elementor-widget__width-initial elementor-widget-mobile__width-initial elementor-widget elementor-widget-text-editor\" data-id=\"e83f7e9\" data-element_type=\"widget\" data-e-type=\"widget\" data-widget_type=\"text-editor.default\">\n\t\t\t\t<div class=\"elementor-widget-container\">\n\t\t\t\t\t\t\t\t\t<p><span style=\"font-size: 36pt; color: #ffffff;\"><strong>Time for a fresh start?<\/strong><\/span><\/p>\t\t\t\t\t\t\t\t<\/div>\n\t\t\t\t<\/div>\n\t\t\t\t<div class=\"elementor-element elementor-element-caeaf0c elementor-widget__width-auto elementor-widget elementor-widget-text-editor\" data-id=\"caeaf0c\" data-element_type=\"widget\" data-e-type=\"widget\" data-widget_type=\"text-editor.default\">\n\t\t\t\t<div class=\"elementor-widget-container\">\n\t\t\t\t\t\t\t\t\t<p style=\"text-align: left;\">Your own property in Paraguay <br \/>quiet, safe and immediately available<\/p><p>Freiheit, die du sp\u00fcrst und Entscheidungen, die du endlich umsetzt<\/p>\t\t\t\t\t\t\t\t<\/div>\n\t\t\t\t<\/div>\n\t\t\t\t<div class=\"elementor-element elementor-element-020705c elementor-widget__width-initial elementor-widget elementor-widget-button\" data-id=\"020705c\" data-element_type=\"widget\" data-e-type=\"widget\" data-widget_type=\"button.default\">\n\t\t\t\t<div class=\"elementor-widget-container\">\n\t\t\t\t\t\t\t\t\t<div class=\"elementor-button-wrapper\">\n\t\t\t\t\t<a class=\"elementor-button elementor-button-link elementor-size-sm\" href=\"https:\/\/www.hausparaguay.at\/en\/aufgeschlossene-grundstuecke-in-verschiedenen-groessen\/\" target=\"_blank\">\n\t\t\t\t\t\t<span class=\"elementor-button-content-wrapper\">\n\t\t\t\t\t\t\t\t\t<span class=\"elementor-button-text\">Projekte <\/span>\n\t\t\t\t\t<\/span>\n\t\t\t\t\t<\/a>\n\t\t\t\t<\/div>\n\t\t\t\t\t\t\t\t<\/div>\n\t\t\t\t<\/div>\n\t\t\t\t<div class=\"elementor-element elementor-element-6b94725 elementor-widget__width-initial elementor-widget elementor-widget-button\" data-id=\"6b94725\" data-element_type=\"widget\" data-e-type=\"widget\" data-widget_type=\"button.default\">\n\t\t\t\t<div class=\"elementor-widget-container\">\n\t\t\t\t\t\t\t\t\t<div class=\"elementor-button-wrapper\">\n\t\t\t\t\t<a class=\"elementor-button elementor-button-link elementor-size-sm\" href=\"https:\/\/www.hausparaguay.at\/en\/kontakt\/\" target=\"_blank\">\n\t\t\t\t\t\t<span class=\"elementor-button-content-wrapper\">\n\t\t\t\t\t\t\t\t\t<span class=\"elementor-button-text\">Information<\/span>\n\t\t\t\t\t<\/span>\n\t\t\t\t\t<\/a>\n\t\t\t\t<\/div>\n\t\t\t\t\t\t\t\t<\/div>\n\t\t\t\t<\/div>\n\t\t\t\t\t<\/div>\n\t\t<\/div>\n\t\t\t\t\t<\/div>\n\t\t<\/section>\n\t\t\t\t<section class=\"elementor-section elementor-top-section elementor-element elementor-element-7da4989 hover-box elementor-section-boxed elementor-section-height-default elementor-section-height-default\" data-id=\"7da4989\" data-element_type=\"section\" data-e-type=\"section\">\n\t\t\t\t\t\t<div class=\"elementor-container elementor-column-gap-default\">\n\t\t\t\t\t<div class=\"elementor-column elementor-col-50 elementor-top-column elementor-element elementor-element-72044f4 elementor-invisible\" data-id=\"72044f4\" data-element_type=\"column\" data-e-type=\"column\" data-settings=\"{&quot;animation&quot;:&quot;fadeInUp&quot;,&quot;animation_delay&quot;:0}\">\n\t\t\t<div class=\"elementor-widget-wrap elementor-element-populated\">\n\t\t\t\t\t\t<div class=\"elementor-element elementor-element-2831df9 elementor-view-default elementor-widget elementor-widget-icon\" data-id=\"2831df9\" data-element_type=\"widget\" data-e-type=\"widget\" data-widget_type=\"icon.default\">\n\t\t\t\t<div class=\"elementor-widget-container\">\n\t\t\t\t\t\t\t<div class=\"elementor-icon-wrapper\">\n\t\t\t<div class=\"elementor-icon\">\n\t\t\t<i aria-hidden=\"true\" class=\"fas fa-house-user\"><\/i>\t\t\t<\/div>\n\t\t<\/div>\n\t\t\t\t\t\t<\/div>\n\t\t\t\t<\/div>\n\t\t\t\t<div class=\"elementor-element elementor-element-496e6da elementor-widget elementor-widget-heading\" data-id=\"496e6da\" data-element_type=\"widget\" data-e-type=\"widget\" data-widget_type=\"heading.default\">\n\t\t\t\t<div class=\"elementor-widget-container\">\n\t\t\t\t\t<h2 class=\"elementor-heading-title elementor-size-default\">San Jos\u00e9 Mi<\/h2>\t\t\t\t<\/div>\n\t\t\t\t<\/div>\n\t\t\t\t<div class=\"elementor-element elementor-element-c84e70d elementor-widget-divider--view-line elementor-widget elementor-widget-divider\" data-id=\"c84e70d\" data-element_type=\"widget\" data-e-type=\"widget\" data-widget_type=\"divider.default\">\n\t\t\t\t<div class=\"elementor-widget-container\">\n\t\t\t\t\t\t\t<div class=\"elementor-divider\">\n\t\t\t<span class=\"elementor-divider-separator\">\n\t\t\t\t\t\t<\/span>\n\t\t<\/div>\n\t\t\t\t\t\t<\/div>\n\t\t\t\t<\/div>\n\t\t\t\t<div class=\"elementor-element elementor-element-139cede elementor-widget elementor-widget-text-editor\" data-id=\"139cede\" data-element_type=\"widget\" data-e-type=\"widget\" data-widget_type=\"text-editor.default\">\n\t\t\t\t<div class=\"elementor-widget-container\">\n\t\t\t\t\t\t\t\t\t<p><strong>Your place for a new beginning in Paraguay.<\/strong><\/p><p>Building plots ready for immediate development, with their own title,<br \/>quiet location and existing infrastructure.<\/p><p>Ideal for anyone emigrating,<br \/>neu starten oder sich langfristig ein Zuhause aufbauen m\u00f6chten.<\/p>\t\t\t\t\t\t\t\t<\/div>\n\t\t\t\t<\/div>\n\t\t\t\t<div class=\"elementor-element elementor-element-9e626c8 elementor-widget elementor-widget-button\" data-id=\"9e626c8\" data-element_type=\"widget\" data-e-type=\"widget\" data-widget_type=\"button.default\">\n\t\t\t\t<div class=\"elementor-widget-container\">\n\t\t\t\t\t\t\t\t\t<div class=\"elementor-button-wrapper\">\n\t\t\t\t\t<a class=\"elementor-button elementor-button-link elementor-size-sm\" href=\"https:\/\/www.hausparaguay.at\/en\/grundstueck-kaufen\/\" target=\"_blank\">\n\t\t\t\t\t\t<span class=\"elementor-button-content-wrapper\">\n\t\t\t\t\t\t\t\t\t<span class=\"elementor-button-text\">View properties<\/span>\n\t\t\t\t\t<\/span>\n\t\t\t\t\t<\/a>\n\t\t\t\t<\/div>\n\t\t\t\t\t\t\t\t<\/div>\n\t\t\t\t<\/div>\n\t\t\t\t\t<\/div>\n\t\t<\/div>\n\t\t\t\t<div class=\"elementor-column elementor-col-50 elementor-top-column elementor-element elementor-element-204014a elementor-invisible\" data-id=\"204014a\" data-element_type=\"column\" data-e-type=\"column\" data-settings=\"{&quot;background_background&quot;:&quot;classic&quot;,&quot;animation&quot;:&quot;fadeInUp&quot;,&quot;animation_delay&quot;:200}\">\n\t\t\t<div class=\"elementor-widget-wrap elementor-element-populated\">\n\t\t\t\t\t<div class=\"elementor-background-overlay\"><\/div>\n\t\t\t\t\t\t<div class=\"elementor-element elementor-element-b8ed398 elementor-view-default elementor-widget elementor-widget-icon\" data-id=\"b8ed398\" data-element_type=\"widget\" data-e-type=\"widget\" data-widget_type=\"icon.default\">\n\t\t\t\t<div class=\"elementor-widget-container\">\n\t\t\t\t\t\t\t<div class=\"elementor-icon-wrapper\">\n\t\t\t<div class=\"elementor-icon\">\n\t\t\t<i aria-hidden=\"true\" class=\"fas fa-chart-line\"><\/i>\t\t\t<\/div>\n\t\t<\/div>\n\t\t\t\t\t\t<\/div>\n\t\t\t\t<\/div>\n\t\t\t\t<div class=\"elementor-element elementor-element-3e78123 elementor-widget elementor-widget-heading\" data-id=\"3e78123\" data-element_type=\"widget\" data-e-type=\"widget\" data-widget_type=\"heading.default\">\n\t\t\t\t<div class=\"elementor-widget-container\">\n\t\t\t\t\t<h2 class=\"elementor-heading-title elementor-size-default\">Santa Lucia<\/h2>\t\t\t\t<\/div>\n\t\t\t\t<\/div>\n\t\t\t\t<div class=\"elementor-element elementor-element-1007634 elementor-widget-divider--view-line elementor-widget elementor-widget-divider\" data-id=\"1007634\" data-element_type=\"widget\" data-e-type=\"widget\" data-widget_type=\"divider.default\">\n\t\t\t\t<div class=\"elementor-widget-container\">\n\t\t\t\t\t\t\t<div class=\"elementor-divider\">\n\t\t\t<span class=\"elementor-divider-separator\">\n\t\t\t\t\t\t<\/span>\n\t\t<\/div>\n\t\t\t\t\t\t<\/div>\n\t\t\t\t<\/div>\n\t\t\t\t<div class=\"elementor-element elementor-element-a8ce5a8 elementor-widget elementor-widget-text-editor\" data-id=\"a8ce5a8\" data-element_type=\"widget\" data-e-type=\"widget\" data-widget_type=\"text-editor.default\">\n\t\t\t\t<div class=\"elementor-widget-container\">\n\t\t\t\t\t\t\t\t\t<p><strong>A country with a future and development potential.<\/strong><\/p><p>Generous areas for investors,<br \/>who want to get in early and benefit in the long term.<\/p><p>A quiet, natural setting \u2013<br \/>with the prospect of value appreciation.<\/p>\t\t\t\t\t\t\t\t<\/div>\n\t\t\t\t<\/div>\n\t\t\t\t<div class=\"elementor-element elementor-element-5b7758a elementor-widget__width-initial elementor-widget-mobile__width-initial elementor-widget elementor-widget-button\" data-id=\"5b7758a\" data-element_type=\"widget\" data-e-type=\"widget\" data-widget_type=\"button.default\">\n\t\t\t\t<div class=\"elementor-widget-container\">\n\t\t\t\t\t\t\t\t\t<div class=\"elementor-button-wrapper\">\n\t\t\t\t\t<a class=\"elementor-button elementor-button-link elementor-size-sm\" href=\"https:\/\/www.hausparaguay.at\/en\/investitions-grundstuecke-in-paraguay\/\" target=\"_blank\">\n\t\t\t\t\t\t<span class=\"elementor-button-content-wrapper\">\n\t\t\t\t\t\t\t\t\t<span class=\"elementor-button-text\">View investment<\/span>\n\t\t\t\t\t<\/span>\n\t\t\t\t\t<\/a>\n\t\t\t\t<\/div>\n\t\t\t\t\t\t\t\t<\/div>\n\t\t\t\t<\/div>\n\t\t\t\t\t<\/div>\n\t\t<\/div>\n\t\t\t\t\t<\/div>\n\t\t<\/section>\n\t\t\t\t<\/div>","protected":false},"excerpt":{"rendered":"<p>Zeit f\u00fcr einen Neuanfang? Dein eigenes Grundst\u00fcck in Paraguay ruhig, sicher und sofort verf\u00fcgbar Freiheit, die du sp\u00fcrst und Entscheidungen, die du endlich umsetzt Projekte Infos San Jos\u00e9 Mi Dein Platz f\u00fcr den Neuanfang in Paraguay. Sofort bebaubare Grundst\u00fccke mit eigenem Titel,ruhiger Lage und bestehender Infrastruktur. Ideal f\u00fcr alle, die auswandern,neu starten oder sich langfristig [&hellip;]<\/p>\n","protected":false},"author":1,"featured_media":2591,"parent":0,"menu_order":0,"comment_status":"closed","ping_status":"closed","template":"elementor_header_footer","meta":{"site-sidebar-layout":"no-sidebar","site-content-layout":"default","ast-site-content-layout":"default","site-content-style":"default","site-sidebar-style":"default","ast-global-header-display":"disabled","ast-banner-title-visibility":"disabled","ast-main-header-display":"","ast-hfb-above-header-display":"","ast-hfb-below-header-display":"","ast-hfb-mobile-header-display":"","site-post-title":"disabled","ast-breadcrumbs-content":"","ast-featured-img":"disabled","footer-sml-layout":"disabled","ast-disable-related-posts":"","theme-transparent-header-meta":"default","adv-header-id-meta":"","stick-header-meta":"","header-above-stick-meta":"","header-main-stick-meta":"","header-below-stick-meta":"","astra-migrate-meta-layouts":"set","ast-page-background-enabled":"default","ast-page-background-meta":{"desktop":{"background-color":"","background-image":"","background-repeat":"repeat","background-position":"center center","background-size":"auto","background-attachment":"scroll","background-type":"","background-media":"","overlay-type":"","overlay-color":"","overlay-opacity":"","overlay-gradient":""},"tablet":{"background-color":"","background-image":"","background-repeat":"repeat","background-position":"center center","background-size":"auto","background-attachment":"scroll","background-type":"","background-media":"","overlay-type":"","overlay-color":"","overlay-opacity":"","overlay-gradient":""},"mobile":{"background-color":"","background-image":"","background-repeat":"repeat","background-position":"center center","background-size":"auto","background-attachment":"scroll","background-type":"","background-media":"","overlay-type":"","overlay-color":"","overlay-opacity":"","overlay-gradient":""}},"ast-content-background-meta":{"desktop":{"background-color":"var(--ast-global-color-5)","background-image":"","background-repeat":"repeat","background-position":"center center","background-size":"auto","background-attachment":"scroll","background-type":"","background-media":"","overlay-type":"","overlay-color":"","overlay-opacity":"","overlay-gradient":""},"tablet":{"background-color":"var(--ast-global-color-5)","background-image":"","background-repeat":"repeat","background-position":"center center","background-size":"auto","background-attachment":"scroll","background-type":"","background-media":"","overlay-type":"","overlay-color":"","overlay-opacity":"","overlay-gradient":""},"mobile":{"background-color":"var(--ast-global-color-5)","background-image":"","background-repeat":"repeat","background-position":"center center","background-size":"auto","background-attachment":"scroll","background-type":"","background-media":"","overlay-type":"","overlay-color":"","overlay-opacity":"","overlay-gradient":""}},"footnotes":""},"class_list":["post-486","page","type-page","status-publish","has-post-thumbnail","hentry"],"yoast_head":"<!-- This site is optimized with the Yoast SEO plugin v27.5 - https:\/\/yoast.com\/product\/yoast-seo-wordpress\/ -->\n<title>Home - H\u00e4user &amp; Grundst\u00fccke in Paraguay<\/title>\n<meta name=\"description\" content=\"Grundst\u00fccke in Paraguay kaufen- sicher, baureif und mit Titel, landbesitz Paraguay, vorsorge Grundst\u00fccke mit Strom und Wasser\" \/>\n<meta name=\"robots\" content=\"index, follow, max-snippet:-1, max-image-preview:large, max-video-preview:-1\" \/>\n<link rel=\"canonical\" href=\"https:\/\/www.hausparaguay.at\/en\/\" \/>\n<meta property=\"og:locale\" content=\"en_GB\" \/>\n<meta property=\"og:type\" content=\"article\" \/>\n<meta property=\"og:title\" content=\"Home - H\u00e4user &amp; Grundst\u00fccke in Paraguay\" \/>\n<meta property=\"og:description\" content=\"Grundst\u00fccke in Paraguay kaufen- sicher, baureif und mit Titel, landbesitz Paraguay, vorsorge Grundst\u00fccke mit Strom und Wasser\" \/>\n<meta property=\"og:url\" content=\"https:\/\/www.hausparaguay.at\/en\/\" \/>\n<meta property=\"og:site_name\" content=\"H\u00e4user &amp; Grundst\u00fccke in Paraguay\" \/>\n<meta property=\"article:publisher\" content=\"https:\/\/www.facebook.com\/bauenundwohnenpy\" \/>\n<meta property=\"article:modified_time\" content=\"2026-05-02T13:44:07+00:00\" \/>\n<meta property=\"og:image\" content=\"https:\/\/www.hausparaguay.at\/wp-content\/uploads\/2023\/12\/20230326_091218-scaled-e1701966174864.jpg\" \/>\n\t<meta property=\"og:image:width\" content=\"720\" \/>\n\t<meta property=\"og:image:height\" content=\"540\" \/>\n\t<meta property=\"og:image:type\" content=\"image\/jpeg\" \/>\n<meta name=\"twitter:card\" content=\"summary_large_image\" \/>\n<script type=\"application\/ld+json\" class=\"yoast-schema-graph\">{\"@context\":\"https:\\\/\\\/schema.org\",\"@graph\":[{\"@type\":\"WebPage\",\"@id\":\"https:\\\/\\\/www.hausparaguay.at\\\/\",\"url\":\"https:\\\/\\\/www.hausparaguay.at\\\/\",\"name\":\"Home - H\u00e4user &amp; Grundst\u00fccke in Paraguay\",\"isPartOf\":{\"@id\":\"https:\\\/\\\/www.hausparaguay.at\\\/#website\"},\"primaryImageOfPage\":{\"@id\":\"https:\\\/\\\/www.hausparaguay.at\\\/#primaryimage\"},\"image\":{\"@id\":\"https:\\\/\\\/www.hausparaguay.at\\\/#primaryimage\"},\"thumbnailUrl\":\"https:\\\/\\\/www.hausparaguay.at\\\/wp-content\\\/uploads\\\/2023\\\/12\\\/20230326_091218-scaled-e1701966174864.jpg\",\"datePublished\":\"2020-09-07T13:58:31+00:00\",\"dateModified\":\"2026-05-02T13:44:07+00:00\",\"description\":\"Grundst\u00fccke in Paraguay kaufen- sicher, baureif und mit Titel, landbesitz Paraguay, vorsorge Grundst\u00fccke mit Strom und Wasser\",\"breadcrumb\":{\"@id\":\"https:\\\/\\\/www.hausparaguay.at\\\/#breadcrumb\"},\"inLanguage\":\"en-GB\",\"potentialAction\":[{\"@type\":\"ReadAction\",\"target\":[\"https:\\\/\\\/www.hausparaguay.at\\\/\"]}]},{\"@type\":\"ImageObject\",\"inLanguage\":\"en-GB\",\"@id\":\"https:\\\/\\\/www.hausparaguay.at\\\/#primaryimage\",\"url\":\"https:\\\/\\\/www.hausparaguay.at\\\/wp-content\\\/uploads\\\/2023\\\/12\\\/20230326_091218-scaled-e1701966174864.jpg\",\"contentUrl\":\"https:\\\/\\\/www.hausparaguay.at\\\/wp-content\\\/uploads\\\/2023\\\/12\\\/20230326_091218-scaled-e1701966174864.jpg\",\"width\":720,\"height\":540,\"caption\":\"parzelle in San josemi\"},{\"@type\":\"BreadcrumbList\",\"@id\":\"https:\\\/\\\/www.hausparaguay.at\\\/#breadcrumb\",\"itemListElement\":[{\"@type\":\"ListItem\",\"position\":1,\"name\":\"Startseite\",\"item\":\"https:\\\/\\\/www.hausparaguay.at\\\/\"},{\"@type\":\"ListItem\",\"position\":2,\"name\":\"Home\"}]},{\"@type\":\"WebSite\",\"@id\":\"https:\\\/\\\/www.hausparaguay.at\\\/#website\",\"url\":\"https:\\\/\\\/www.hausparaguay.at\\\/\",\"name\":\"H\u00e4user & Grundst\u00fccke in Paraguay\",\"description\":\"Dein Plan B\",\"publisher\":{\"@id\":\"https:\\\/\\\/www.hausparaguay.at\\\/#organization\"},\"alternateName\":\"Bauen und Wohnen Py\",\"potentialAction\":[{\"@type\":\"SearchAction\",\"target\":{\"@type\":\"EntryPoint\",\"urlTemplate\":\"https:\\\/\\\/www.hausparaguay.at\\\/?s={search_term_string}\"},\"query-input\":{\"@type\":\"PropertyValueSpecification\",\"valueRequired\":true,\"valueName\":\"search_term_string\"}}],\"inLanguage\":\"en-GB\"},{\"@type\":\"Organization\",\"@id\":\"https:\\\/\\\/www.hausparaguay.at\\\/#organization\",\"name\":\"H\u00e4user & Grundst\u00fccke in Paraguay\",\"alternateName\":\"Bauen und Wohnen PY\",\"url\":\"https:\\\/\\\/www.hausparaguay.at\\\/\",\"logo\":{\"@type\":\"ImageObject\",\"inLanguage\":\"en-GB\",\"@id\":\"https:\\\/\\\/www.hausparaguay.at\\\/#\\\/schema\\\/logo\\\/image\\\/\",\"url\":\"https:\\\/\\\/www.hausparaguay.at\\\/wp-content\\\/uploads\\\/2025\\\/10\\\/Logo.png\",\"contentUrl\":\"https:\\\/\\\/www.hausparaguay.at\\\/wp-content\\\/uploads\\\/2025\\\/10\\\/Logo.png\",\"width\":1754,\"height\":649,\"caption\":\"H\u00e4user & Grundst\u00fccke in Paraguay\"},\"image\":{\"@id\":\"https:\\\/\\\/www.hausparaguay.at\\\/#\\\/schema\\\/logo\\\/image\\\/\"},\"sameAs\":[\"https:\\\/\\\/www.facebook.com\\\/bauenundwohnenpy\",\"https:\\\/\\\/www.instagram.com\\\/bauenundwohnenpy\\\/\"]}]}<\/script>\n<!-- \/ Yoast SEO plugin. -->","yoast_head_json":{"title":"Home - H\u00e4user &amp; Grundst\u00fccke in Paraguay","description":"Grundst\u00fccke in Paraguay kaufen- sicher, baureif und mit Titel, landbesitz Paraguay, vorsorge Grundst\u00fccke mit Strom und Wasser","robots":{"index":"index","follow":"follow","max-snippet":"max-snippet:-1","max-image-preview":"max-image-preview:large","max-video-preview":"max-video-preview:-1"},"canonical":"https:\/\/www.hausparaguay.at\/en\/","og_locale":"en_GB","og_type":"article","og_title":"Home - H\u00e4user &amp; Grundst\u00fccke in Paraguay","og_description":"Grundst\u00fccke in Paraguay kaufen- sicher, baureif und mit Titel, landbesitz Paraguay, vorsorge Grundst\u00fccke mit Strom und Wasser","og_url":"https:\/\/www.hausparaguay.at\/en\/","og_site_name":"H\u00e4user &amp; Grundst\u00fccke in Paraguay","article_publisher":"https:\/\/www.facebook.com\/bauenundwohnenpy","article_modified_time":"2026-05-02T13:44:07+00:00","og_image":[{"width":720,"height":540,"url":"https:\/\/www.hausparaguay.at\/wp-content\/uploads\/2023\/12\/20230326_091218-scaled-e1701966174864.jpg","type":"image\/jpeg"}],"twitter_card":"summary_large_image","schema":{"@context":"https:\/\/schema.org","@graph":[{"@type":"WebPage","@id":"https:\/\/www.hausparaguay.at\/","url":"https:\/\/www.hausparaguay.at\/","name":"Home - H\u00e4user &amp; Grundst\u00fccke in Paraguay","isPartOf":{"@id":"https:\/\/www.hausparaguay.at\/#website"},"primaryImageOfPage":{"@id":"https:\/\/www.hausparaguay.at\/#primaryimage"},"image":{"@id":"https:\/\/www.hausparaguay.at\/#primaryimage"},"thumbnailUrl":"https:\/\/www.hausparaguay.at\/wp-content\/uploads\/2023\/12\/20230326_091218-scaled-e1701966174864.jpg","datePublished":"2020-09-07T13:58:31+00:00","dateModified":"2026-05-02T13:44:07+00:00","description":"Grundst\u00fccke in Paraguay kaufen- sicher, baureif und mit Titel, landbesitz Paraguay, vorsorge Grundst\u00fccke mit Strom und Wasser","breadcrumb":{"@id":"https:\/\/www.hausparaguay.at\/#breadcrumb"},"inLanguage":"en-GB","potentialAction":[{"@type":"ReadAction","target":["https:\/\/www.hausparaguay.at\/"]}]},{"@type":"ImageObject","inLanguage":"en-GB","@id":"https:\/\/www.hausparaguay.at\/#primaryimage","url":"https:\/\/www.hausparaguay.at\/wp-content\/uploads\/2023\/12\/20230326_091218-scaled-e1701966174864.jpg","contentUrl":"https:\/\/www.hausparaguay.at\/wp-content\/uploads\/2023\/12\/20230326_091218-scaled-e1701966174864.jpg","width":720,"height":540,"caption":"parzelle in San josemi"},{"@type":"BreadcrumbList","@id":"https:\/\/www.hausparaguay.at\/#breadcrumb","itemListElement":[{"@type":"ListItem","position":1,"name":"Startseite","item":"https:\/\/www.hausparaguay.at\/"},{"@type":"ListItem","position":2,"name":"Home"}]},{"@type":"WebSite","@id":"https:\/\/www.hausparaguay.at\/#website","url":"https:\/\/www.hausparaguay.at\/","name":"H\u00e4user & Grundst\u00fccke in Paraguay","description":"Dein Plan B","publisher":{"@id":"https:\/\/www.hausparaguay.at\/#organization"},"alternateName":"Bauen und Wohnen Py","potentialAction":[{"@type":"SearchAction","target":{"@type":"EntryPoint","urlTemplate":"https:\/\/www.hausparaguay.at\/?s={search_term_string}"},"query-input":{"@type":"PropertyValueSpecification","valueRequired":true,"valueName":"search_term_string"}}],"inLanguage":"en-GB"},{"@type":"Organization","@id":"https:\/\/www.hausparaguay.at\/#organization","name":"H\u00e4user & Grundst\u00fccke in Paraguay","alternateName":"Bauen und Wohnen PY","url":"https:\/\/www.hausparaguay.at\/","logo":{"@type":"ImageObject","inLanguage":"en-GB","@id":"https:\/\/www.hausparaguay.at\/#\/schema\/logo\/image\/","url":"https:\/\/www.hausparaguay.at\/wp-content\/uploads\/2025\/10\/Logo.png","contentUrl":"https:\/\/www.hausparaguay.at\/wp-content\/uploads\/2025\/10\/Logo.png","width":1754,"height":649,"caption":"H\u00e4user & Grundst\u00fccke in Paraguay"},"image":{"@id":"https:\/\/www.hausparaguay.at\/#\/schema\/logo\/image\/"},"sameAs":["https:\/\/www.facebook.com\/bauenundwohnenpy","https:\/\/www.instagram.com\/bauenundwohnenpy\/"]}]}},"_links":{"self":[{"href":"https:\/\/www.hausparaguay.at\/en\/wp-json\/wp\/v2\/pages\/486","targetHints":{"allow":["GET"]}}],"collection":[{"href":"https:\/\/www.hausparaguay.at\/en\/wp-json\/wp\/v2\/pages"}],"about":[{"href":"https:\/\/www.hausparaguay.at\/en\/wp-json\/wp\/v2\/types\/page"}],"author":[{"embeddable":true,"href":"https:\/\/www.hausparaguay.at\/en\/wp-json\/wp\/v2\/users\/1"}],"replies":[{"embeddable":true,"href":"https:\/\/www.hausparaguay.at\/en\/wp-json\/wp\/v2\/comments?post=486"}],"version-history":[{"count":277,"href":"https:\/\/www.hausparaguay.at\/en\/wp-json\/wp\/v2\/pages\/486\/revisions"}],"predecessor-version":[{"id":3740,"href":"https:\/\/www.hausparaguay.at\/en\/wp-json\/wp\/v2\/pages\/486\/revisions\/3740"}],"wp:featuredmedia":[{"embeddable":true,"href":"https:\/\/www.hausparaguay.at\/en\/wp-json\/wp\/v2\/media\/2591"}],"wp:attachment":[{"href":"https:\/\/www.hausparaguay.at\/en\/wp-json\/wp\/v2\/media?parent=486"}],"curies":[{"name":"wp","href":"https:\/\/api.w.org\/{rel}","templated":true}]}}