{"id":3208,"date":"2026-04-29T20:11:10","date_gmt":"2026-04-29T20:11:10","guid":{"rendered":"https:\/\/www.hausparaguay.at\/?page_id=3208"},"modified":"2026-04-30T20:37:15","modified_gmt":"2026-04-30T20:37:15","slug":"grundstuecke","status":"publish","type":"page","link":"https:\/\/www.hausparaguay.at\/en\/grundstuecke\/","title":{"rendered":"Real estate"},"content":{"rendered":"<div data-elementor-type=\"wp-page\" data-elementor-id=\"3208\" class=\"elementor elementor-3208\" data-elementor-post-type=\"page\">\n\t\t\t\t\t\t<section class=\"elementor-section elementor-top-section elementor-element elementor-element-d3a38be elementor-section-boxed elementor-section-height-default elementor-section-height-default\" data-id=\"d3a38be\" data-element_type=\"section\" data-e-type=\"section\">\n\t\t\t\t\t\t<div class=\"elementor-container elementor-column-gap-default\">\n\t\t\t\t\t<div class=\"elementor-column elementor-col-100 elementor-top-column elementor-element elementor-element-9fbfe16\" data-id=\"9fbfe16\" data-element_type=\"column\" data-e-type=\"column\">\n\t\t\t<div class=\"elementor-widget-wrap elementor-element-populated\">\n\t\t\t\t\t\t<div class=\"elementor-element elementor-element-1dad530 elementor-widget elementor-widget-image\" data-id=\"1dad530\" data-element_type=\"widget\" data-e-type=\"widget\" data-widget_type=\"image.default\">\n\t\t\t\t<div class=\"elementor-widget-container\">\n\t\t\t\t\t\t\t\t\t\t\t\t\t\t\t<img decoding=\"async\" width=\"1024\" height=\"683\" src=\"https:\/\/www.hausparaguay.at\/wp-content\/uploads\/2026\/04\/Seite-in-arbeit-korrigiert-1024x683.png\" class=\"attachment-large size-large wp-image-3227\" alt=\"\" srcset=\"https:\/\/www.hausparaguay.at\/wp-content\/uploads\/2026\/04\/Seite-in-arbeit-korrigiert-1024x683.png 1024w, https:\/\/www.hausparaguay.at\/wp-content\/uploads\/2026\/04\/Seite-in-arbeit-korrigiert-300x200.png 300w, https:\/\/www.hausparaguay.at\/wp-content\/uploads\/2026\/04\/Seite-in-arbeit-korrigiert-768x512.png 768w, https:\/\/www.hausparaguay.at\/wp-content\/uploads\/2026\/04\/Seite-in-arbeit-korrigiert-18x12.png 18w, https:\/\/www.hausparaguay.at\/wp-content\/uploads\/2026\/04\/Seite-in-arbeit-korrigiert.png 1536w\" sizes=\"(max-width: 1024px) 100vw, 1024px\" \/>\t\t\t\t\t\t\t\t\t\t\t\t\t\t\t<\/div>\n\t\t\t\t<\/div>\n\t\t\t\t\t<\/div>\n\t\t<\/div>\n\t\t\t\t\t<\/div>\n\t\t<\/section>\n\t\t\t\t<section class=\"elementor-section elementor-top-section elementor-element elementor-element-e4ada64 elementor-section-boxed elementor-section-height-default elementor-section-height-default\" data-id=\"e4ada64\" data-element_type=\"section\" data-e-type=\"section\">\n\t\t\t\t\t\t<div class=\"elementor-container elementor-column-gap-default\">\n\t\t\t\t\t<div class=\"elementor-column elementor-col-100 elementor-top-column elementor-element elementor-element-855821c\" data-id=\"855821c\" data-element_type=\"column\" data-e-type=\"column\">\n\t\t\t<div class=\"elementor-widget-wrap elementor-element-populated\">\n\t\t\t\t\t\t<div class=\"elementor-element elementor-element-3d3a877 elementor-widget elementor-widget-image\" data-id=\"3d3a877\" data-element_type=\"widget\" data-e-type=\"widget\" data-widget_type=\"image.default\">\n\t\t\t\t<div class=\"elementor-widget-container\">\n\t\t\t\t\t\t\t\t\t\t\t\t<figure class=\"wp-caption\">\n\t\t\t\t\t\t\t\t\t\t<img decoding=\"async\" width=\"1280\" height=\"720\" src=\"https:\/\/www.hausparaguay.at\/wp-content\/uploads\/2025\/11\/Lageplan-20241022.jpg\" class=\"attachment-full size-full wp-image-2919\" alt=\"freie Lotes\" srcset=\"https:\/\/www.hausparaguay.at\/wp-content\/uploads\/2025\/11\/Lageplan-20241022.jpg 1280w, https:\/\/www.hausparaguay.at\/wp-content\/uploads\/2025\/11\/Lageplan-20241022-300x169.jpg 300w, https:\/\/www.hausparaguay.at\/wp-content\/uploads\/2025\/11\/Lageplan-20241022-1024x576.jpg 1024w, https:\/\/www.hausparaguay.at\/wp-content\/uploads\/2025\/11\/Lageplan-20241022-768x432.jpg 768w\" sizes=\"(max-width: 1280px) 100vw, 1280px\" \/>\t\t\t\t\t\t\t\t\t\t\t<figcaption class=\"widget-image-caption wp-caption-text\">\u201cPlots currently available\u201d<\/figcaption>\n\t\t\t\t\t\t\t\t\t\t<\/figure>\n\t\t\t\t\t\t\t\t\t<\/div>\n\t\t\t\t<\/div>\n\t\t\t\t\t<\/div>\n\t\t<\/div>\n\t\t\t\t\t<\/div>\n\t\t<\/section>\n\t\t\t\t<\/div>","protected":false},"excerpt":{"rendered":"<p>\u201cPlots currently available\u201d<\/p>","protected":false},"author":1,"featured_media":0,"parent":0,"menu_order":0,"comment_status":"closed","ping_status":"closed","template":"","meta":{"site-sidebar-layout":"no-sidebar","site-content-layout":"page-builder","ast-site-content-layout":"full-width-container","site-content-style":"default","site-sidebar-style":"default","ast-global-header-display":"","ast-banner-title-visibility":"","ast-main-header-display":"","ast-hfb-above-header-display":"","ast-hfb-below-header-display":"","ast-hfb-mobile-header-display":"","site-post-title":"","ast-breadcrumbs-content":"","ast-featured-img":"disabled","footer-sml-layout":"","ast-disable-related-posts":"","theme-transparent-header-meta":"","adv-header-id-meta":"","stick-header-meta":"","header-above-stick-meta":"","header-main-stick-meta":"","header-below-stick-meta":"","astra-migrate-meta-layouts":"set","ast-page-background-enabled":"default","ast-page-background-meta":{"desktop":{"background-color":"","background-image":"","background-repeat":"repeat","background-position":"center center","background-size":"auto","background-attachment":"scroll","background-type":"","background-media":"","overlay-type":"","overlay-color":"","overlay-opacity":"","overlay-gradient":""},"tablet":{"background-color":"","background-image":"","background-repeat":"repeat","background-position":"center center","background-size":"auto","background-attachment":"scroll","background-type":"","background-media":"","overlay-type":"","overlay-color":"","overlay-opacity":"","overlay-gradient":""},"mobile":{"background-color":"","background-image":"","background-repeat":"repeat","background-position":"center center","background-size":"auto","background-attachment":"scroll","background-type":"","background-media":"","overlay-type":"","overlay-color":"","overlay-opacity":"","overlay-gradient":""}},"ast-content-background-meta":{"desktop":{"background-color":"var(--ast-global-color-5)","background-image":"","background-repeat":"repeat","background-position":"center center","background-size":"auto","background-attachment":"scroll","background-type":"","background-media":"","overlay-type":"","overlay-color":"","overlay-opacity":"","overlay-gradient":""},"tablet":{"background-color":"var(--ast-global-color-5)","background-image":"","background-repeat":"repeat","background-position":"center center","background-size":"auto","background-attachment":"scroll","background-type":"","background-media":"","overlay-type":"","overlay-color":"","overlay-opacity":"","overlay-gradient":""},"mobile":{"background-color":"var(--ast-global-color-5)","background-image":"","background-repeat":"repeat","background-position":"center center","background-size":"auto","background-attachment":"scroll","background-type":"","background-media":"","overlay-type":"","overlay-color":"","overlay-opacity":"","overlay-gradient":""}},"footnotes":""},"class_list":["post-3208","page","type-page","status-publish","hentry"],"yoast_head":"<!-- This site is optimized with the Yoast SEO plugin v27.5 - https:\/\/yoast.com\/product\/yoast-seo-wordpress\/ -->\n<title>Grundst\u00fccke - H\u00e4user &amp; Grundst\u00fccke in Paraguay<\/title>\n<meta name=\"robots\" content=\"index, follow, max-snippet:-1, max-image-preview:large, max-video-preview:-1\" \/>\n<link rel=\"canonical\" href=\"https:\/\/www.hausparaguay.at\/en\/grundstuecke\/\" \/>\n<meta property=\"og:locale\" content=\"en_GB\" \/>\n<meta property=\"og:type\" content=\"article\" \/>\n<meta property=\"og:title\" content=\"Grundst\u00fccke - H\u00e4user &amp; Grundst\u00fccke in Paraguay\" \/>\n<meta property=\"og:description\" content=\"noch verf\u00fcgbare Grundst\u00fccke\" \/>\n<meta property=\"og:url\" content=\"https:\/\/www.hausparaguay.at\/en\/grundstuecke\/\" \/>\n<meta property=\"og:site_name\" content=\"H\u00e4user &amp; Grundst\u00fccke in Paraguay\" \/>\n<meta property=\"article:publisher\" content=\"https:\/\/www.facebook.com\/bauenundwohnenpy\" \/>\n<meta property=\"article:modified_time\" content=\"2026-04-30T20:37:15+00:00\" \/>\n<meta property=\"og:image\" content=\"https:\/\/www.hausparaguay.at\/wp-content\/uploads\/2026\/04\/Seite-in-arbeit-korrigiert-1024x683.png\" \/>\n\t<meta property=\"og:image:width\" content=\"1024\" \/>\n\t<meta property=\"og:image:height\" content=\"683\" \/>\n\t<meta property=\"og:image:type\" content=\"image\/png\" \/>\n<meta name=\"twitter:card\" content=\"summary_large_image\" \/>\n<script type=\"application\/ld+json\" class=\"yoast-schema-graph\">{\"@context\":\"https:\\\/\\\/schema.org\",\"@graph\":[{\"@type\":\"WebPage\",\"@id\":\"https:\\\/\\\/www.hausparaguay.at\\\/grundstuecke\\\/\",\"url\":\"https:\\\/\\\/www.hausparaguay.at\\\/grundstuecke\\\/\",\"name\":\"Grundst\u00fccke - H\u00e4user &amp; Grundst\u00fccke in Paraguay\",\"isPartOf\":{\"@id\":\"https:\\\/\\\/www.hausparaguay.at\\\/#website\"},\"primaryImageOfPage\":{\"@id\":\"https:\\\/\\\/www.hausparaguay.at\\\/grundstuecke\\\/#primaryimage\"},\"image\":{\"@id\":\"https:\\\/\\\/www.hausparaguay.at\\\/grundstuecke\\\/#primaryimage\"},\"thumbnailUrl\":\"https:\\\/\\\/www.hausparaguay.at\\\/wp-content\\\/uploads\\\/2026\\\/04\\\/Seite-in-arbeit-korrigiert-1024x683.png\",\"datePublished\":\"2026-04-29T20:11:10+00:00\",\"dateModified\":\"2026-04-30T20:37:15+00:00\",\"breadcrumb\":{\"@id\":\"https:\\\/\\\/www.hausparaguay.at\\\/grundstuecke\\\/#breadcrumb\"},\"inLanguage\":\"en-GB\",\"potentialAction\":[{\"@type\":\"ReadAction\",\"target\":[\"https:\\\/\\\/www.hausparaguay.at\\\/grundstuecke\\\/\"]}]},{\"@type\":\"ImageObject\",\"inLanguage\":\"en-GB\",\"@id\":\"https:\\\/\\\/www.hausparaguay.at\\\/grundstuecke\\\/#primaryimage\",\"url\":\"https:\\\/\\\/www.hausparaguay.at\\\/wp-content\\\/uploads\\\/2026\\\/04\\\/Seite-in-arbeit-korrigiert-1024x683.png\",\"contentUrl\":\"https:\\\/\\\/www.hausparaguay.at\\\/wp-content\\\/uploads\\\/2026\\\/04\\\/Seite-in-arbeit-korrigiert-1024x683.png\"},{\"@type\":\"BreadcrumbList\",\"@id\":\"https:\\\/\\\/www.hausparaguay.at\\\/grundstuecke\\\/#breadcrumb\",\"itemListElement\":[{\"@type\":\"ListItem\",\"position\":1,\"name\":\"Startseite\",\"item\":\"https:\\\/\\\/www.hausparaguay.at\\\/\"},{\"@type\":\"ListItem\",\"position\":2,\"name\":\"Grundst\u00fccke\"}]},{\"@type\":\"WebSite\",\"@id\":\"https:\\\/\\\/www.hausparaguay.at\\\/#website\",\"url\":\"https:\\\/\\\/www.hausparaguay.at\\\/\",\"name\":\"H\u00e4user & Grundst\u00fccke in Paraguay\",\"description\":\"Dein Plan B\",\"publisher\":{\"@id\":\"https:\\\/\\\/www.hausparaguay.at\\\/#organization\"},\"alternateName\":\"Bauen und Wohnen Py\",\"potentialAction\":[{\"@type\":\"SearchAction\",\"target\":{\"@type\":\"EntryPoint\",\"urlTemplate\":\"https:\\\/\\\/www.hausparaguay.at\\\/?s={search_term_string}\"},\"query-input\":{\"@type\":\"PropertyValueSpecification\",\"valueRequired\":true,\"valueName\":\"search_term_string\"}}],\"inLanguage\":\"en-GB\"},{\"@type\":\"Organization\",\"@id\":\"https:\\\/\\\/www.hausparaguay.at\\\/#organization\",\"name\":\"H\u00e4user & Grundst\u00fccke in Paraguay\",\"alternateName\":\"Bauen und Wohnen PY\",\"url\":\"https:\\\/\\\/www.hausparaguay.at\\\/\",\"logo\":{\"@type\":\"ImageObject\",\"inLanguage\":\"en-GB\",\"@id\":\"https:\\\/\\\/www.hausparaguay.at\\\/#\\\/schema\\\/logo\\\/image\\\/\",\"url\":\"https:\\\/\\\/www.hausparaguay.at\\\/wp-content\\\/uploads\\\/2025\\\/10\\\/Logo.png\",\"contentUrl\":\"https:\\\/\\\/www.hausparaguay.at\\\/wp-content\\\/uploads\\\/2025\\\/10\\\/Logo.png\",\"width\":1754,\"height\":649,\"caption\":\"H\u00e4user & Grundst\u00fccke in Paraguay\"},\"image\":{\"@id\":\"https:\\\/\\\/www.hausparaguay.at\\\/#\\\/schema\\\/logo\\\/image\\\/\"},\"sameAs\":[\"https:\\\/\\\/www.facebook.com\\\/bauenundwohnenpy\",\"https:\\\/\\\/www.instagram.com\\\/bauenundwohnenpy\\\/\"]}]}<\/script>\n<!-- \/ Yoast SEO plugin. -->","yoast_head_json":{"title":"Grundst\u00fccke - H\u00e4user &amp; Grundst\u00fccke in Paraguay","robots":{"index":"index","follow":"follow","max-snippet":"max-snippet:-1","max-image-preview":"max-image-preview:large","max-video-preview":"max-video-preview:-1"},"canonical":"https:\/\/www.hausparaguay.at\/en\/grundstuecke\/","og_locale":"en_GB","og_type":"article","og_title":"Grundst\u00fccke - H\u00e4user &amp; Grundst\u00fccke in Paraguay","og_description":"noch verf\u00fcgbare Grundst\u00fccke","og_url":"https:\/\/www.hausparaguay.at\/en\/grundstuecke\/","og_site_name":"H\u00e4user &amp; Grundst\u00fccke in Paraguay","article_publisher":"https:\/\/www.facebook.com\/bauenundwohnenpy","article_modified_time":"2026-04-30T20:37:15+00:00","og_image":[{"width":1024,"height":683,"url":"https:\/\/www.hausparaguay.at\/wp-content\/uploads\/2026\/04\/Seite-in-arbeit-korrigiert-1024x683.png","type":"image\/png"}],"twitter_card":"summary_large_image","schema":{"@context":"https:\/\/schema.org","@graph":[{"@type":"WebPage","@id":"https:\/\/www.hausparaguay.at\/grundstuecke\/","url":"https:\/\/www.hausparaguay.at\/grundstuecke\/","name":"Grundst\u00fccke - H\u00e4user &amp; Grundst\u00fccke in Paraguay","isPartOf":{"@id":"https:\/\/www.hausparaguay.at\/#website"},"primaryImageOfPage":{"@id":"https:\/\/www.hausparaguay.at\/grundstuecke\/#primaryimage"},"image":{"@id":"https:\/\/www.hausparaguay.at\/grundstuecke\/#primaryimage"},"thumbnailUrl":"https:\/\/www.hausparaguay.at\/wp-content\/uploads\/2026\/04\/Seite-in-arbeit-korrigiert-1024x683.png","datePublished":"2026-04-29T20:11:10+00:00","dateModified":"2026-04-30T20:37:15+00:00","breadcrumb":{"@id":"https:\/\/www.hausparaguay.at\/grundstuecke\/#breadcrumb"},"inLanguage":"en-GB","potentialAction":[{"@type":"ReadAction","target":["https:\/\/www.hausparaguay.at\/grundstuecke\/"]}]},{"@type":"ImageObject","inLanguage":"en-GB","@id":"https:\/\/www.hausparaguay.at\/grundstuecke\/#primaryimage","url":"https:\/\/www.hausparaguay.at\/wp-content\/uploads\/2026\/04\/Seite-in-arbeit-korrigiert-1024x683.png","contentUrl":"https:\/\/www.hausparaguay.at\/wp-content\/uploads\/2026\/04\/Seite-in-arbeit-korrigiert-1024x683.png"},{"@type":"BreadcrumbList","@id":"https:\/\/www.hausparaguay.at\/grundstuecke\/#breadcrumb","itemListElement":[{"@type":"ListItem","position":1,"name":"Startseite","item":"https:\/\/www.hausparaguay.at\/"},{"@type":"ListItem","position":2,"name":"Grundst\u00fccke"}]},{"@type":"WebSite","@id":"https:\/\/www.hausparaguay.at\/#website","url":"https:\/\/www.hausparaguay.at\/","name":"H\u00e4user & Grundst\u00fccke in Paraguay","description":"Dein Plan B","publisher":{"@id":"https:\/\/www.hausparaguay.at\/#organization"},"alternateName":"Bauen und Wohnen Py","potentialAction":[{"@type":"SearchAction","target":{"@type":"EntryPoint","urlTemplate":"https:\/\/www.hausparaguay.at\/?s={search_term_string}"},"query-input":{"@type":"PropertyValueSpecification","valueRequired":true,"valueName":"search_term_string"}}],"inLanguage":"en-GB"},{"@type":"Organization","@id":"https:\/\/www.hausparaguay.at\/#organization","name":"H\u00e4user & Grundst\u00fccke in Paraguay","alternateName":"Bauen und Wohnen PY","url":"https:\/\/www.hausparaguay.at\/","logo":{"@type":"ImageObject","inLanguage":"en-GB","@id":"https:\/\/www.hausparaguay.at\/#\/schema\/logo\/image\/","url":"https:\/\/www.hausparaguay.at\/wp-content\/uploads\/2025\/10\/Logo.png","contentUrl":"https:\/\/www.hausparaguay.at\/wp-content\/uploads\/2025\/10\/Logo.png","width":1754,"height":649,"caption":"H\u00e4user & Grundst\u00fccke in Paraguay"},"image":{"@id":"https:\/\/www.hausparaguay.at\/#\/schema\/logo\/image\/"},"sameAs":["https:\/\/www.facebook.com\/bauenundwohnenpy","https:\/\/www.instagram.com\/bauenundwohnenpy\/"]}]}},"_links":{"self":[{"href":"https:\/\/www.hausparaguay.at\/en\/wp-json\/wp\/v2\/pages\/3208","targetHints":{"allow":["GET"]}}],"collection":[{"href":"https:\/\/www.hausparaguay.at\/en\/wp-json\/wp\/v2\/pages"}],"about":[{"href":"https:\/\/www.hausparaguay.at\/en\/wp-json\/wp\/v2\/types\/page"}],"author":[{"embeddable":true,"href":"https:\/\/www.hausparaguay.at\/en\/wp-json\/wp\/v2\/users\/1"}],"replies":[{"embeddable":true,"href":"https:\/\/www.hausparaguay.at\/en\/wp-json\/wp\/v2\/comments?post=3208"}],"version-history":[{"count":16,"href":"https:\/\/www.hausparaguay.at\/en\/wp-json\/wp\/v2\/pages\/3208\/revisions"}],"predecessor-version":[{"id":3428,"href":"https:\/\/www.hausparaguay.at\/en\/wp-json\/wp\/v2\/pages\/3208\/revisions\/3428"}],"wp:attachment":[{"href":"https:\/\/www.hausparaguay.at\/en\/wp-json\/wp\/v2\/media?parent=3208"}],"curies":[{"name":"wp","href":"https:\/\/api.w.org\/{rel}","templated":true}]}}